{"id":2637,"date":"2021-08-15T08:01:03","date_gmt":"2021-08-15T08:01:03","guid":{"rendered":"https:\/\/detailclub.ee\/product\/veeplekipuhastus-ks-ksilen-500ml\/"},"modified":"2025-04-27T08:29:05","modified_gmt":"2025-04-27T08:29:05","slug":"ks","status":"publish","type":"product","link":"https:\/\/detailclub.ee\/ru\/product\/ks\/","title":{"rendered":"VEEPLEKIPUHASTUS KS &#171;KSILEN&#187; 500ML"},"content":{"rendered":"<p><strong>Kirjeldus:<\/strong><\/p>\n<p>Ksilen (KS) on happe\u00fchend kaltsiumi lademete ja k\u00f5va vee j\u00e4lgede kiireks ja ohutuks eemaldamiseks auto kerelt. Soovitatav on kanda kohe peale vesikivi tekkimist v\u00e4rvipinnale.<\/p>\n<p><strong>Kasutusviis:<\/strong><\/p>\n<p>1. Enne kompositsiooni pealekandmist jahutage t\u00f6\u00f6deldav pind.<br \/>\n2. Kuivatage auto kere.<br \/>\n3. Kasutades p\u00e4\u00e4stikut, kandke \u00fchend t\u00f6\u00f6deldavale pinnale.<br \/>\n4. Hoidke kompositsiooni 1-2 minutit, v\u00e4ltides kuivamist.<br \/>\n5. P\u00fchkige puhta ja kuiva mikrofiiberr\u00e4tikuga.<br \/>\n6. Saastumise mittet\u00e4ieliku eemaldamise korral korrake t\u00f6\u00f6tlemist.<\/p>\n<p><strong>Koostis:<\/strong><\/p>\n<p>\u226530% vett;5%: mitteioonsed pindaktiivsed ained, orgaaniline hape, anorgaaniline hape, l\u00f5hn, v\u00e4rv. &lt;<\/p>\n","protected":false},"excerpt":{"rendered":"<p>Kirjeldus: Ksilen (KS) on happe\u00fchend kaltsiumi lademete ja k\u00f5va vee j\u00e4lgede kiireks ja ohutuks eemaldamiseks auto kerelt. Soovitatav on kanda kohe peale vesikivi tekkimist v\u00e4rvipinnale. Kasutusviis: 1. Enne kompositsiooni pealekandmist jahutage t\u00f6\u00f6deldav pind. 2. Kuivatage auto kere. 3. Kasutades p\u00e4\u00e4stikut, kandke \u00fchend t\u00f6\u00f6deldavale pinnale. 4. Hoidke kompositsiooni 1-2 minutit, v\u00e4ltides kuivamist. 5. P\u00fchkige puhta ja [&hellip;]<\/p>\n","protected":false},"featured_media":2329,"template":"","meta":[],"product_brand":[],"product_cat":[193],"product_tag":[],"class_list":{"0":"post-2637","1":"product","2":"type-product","3":"status-publish","4":"has-post-thumbnail","6":"product_cat-valisilme","8":"first","9":"outofstock","10":"taxable","11":"shipping-taxable","12":"purchasable","13":"product-type-simple"},"jetpack_sharing_enabled":true,"_links":{"self":[{"href":"https:\/\/detailclub.ee\/ru\/wp-json\/wp\/v2\/product\/2637","targetHints":{"allow":["GET"]}}],"collection":[{"href":"https:\/\/detailclub.ee\/ru\/wp-json\/wp\/v2\/product"}],"about":[{"href":"https:\/\/detailclub.ee\/ru\/wp-json\/wp\/v2\/types\/product"}],"wp:featuredmedia":[{"embeddable":true,"href":"https:\/\/detailclub.ee\/ru\/wp-json\/wp\/v2\/media\/2329"}],"wp:attachment":[{"href":"https:\/\/detailclub.ee\/ru\/wp-json\/wp\/v2\/media?parent=2637"}],"wp:term":[{"taxonomy":"product_brand","embeddable":true,"href":"https:\/\/detailclub.ee\/ru\/wp-json\/wp\/v2\/product_brand?post=2637"},{"taxonomy":"product_cat","embeddable":true,"href":"https:\/\/detailclub.ee\/ru\/wp-json\/wp\/v2\/product_cat?post=2637"},{"taxonomy":"product_tag","embeddable":true,"href":"https:\/\/detailclub.ee\/ru\/wp-json\/wp\/v2\/product_tag?post=2637"}],"curies":[{"name":"wp","href":"https:\/\/api.w.org\/{rel}","templated":true}]}}