{"id":2583,"date":"2022-12-19T16:40:02","date_gmt":"2022-12-19T16:40:02","guid":{"rendered":"https:\/\/detailclub.ee\/product\/kvartikate-hc-hydro-coat-250ml\/"},"modified":"2025-04-27T08:29:00","modified_gmt":"2025-04-27T08:29:00","slug":"hc-2","status":"publish","type":"product","link":"https:\/\/detailclub.ee\/ru\/product\/hc-2\/","title":{"rendered":"KVARTS KATE HC &#171;HYDRO COAT&#187; 250ML"},"content":{"rendered":"<p>Kvarts kate HC &#171;Hydro Coat&#187; 250 ml<\/p>\n<p>Tugeva h\u00fcdrofoobse toime ja l\u00e4ikega kvarts kate kontsentraat<\/p>\n<p>Hydro Coat (HC) loob sekunditega mikrokihi, pakkudes mustust ja vett h\u00fclgavat efekti. Uuenduslik aine, mis on loodud autopesukompleksi k\u00f5igi professionaalsete kaitsekatete v\u00e4ltimiseks. Sobib j\u00e4rgmistele pindadele: auto kere, v\u00e4lisplastik, klaas, rehvid ja veljed. Toode on vastupidav leelistele ja teistele agressiivsetele teekemikaalidele. Pikk kasutusiga (kuni 3 kuud).<\/p>\n<p>&nbsp;<\/p>\n<p>Kasutusviis:<\/p>\n<p>1. Tehke kahefaasiline pesu eelpesuga (Active Safe (AS) v\u00f5i Ultra Safe (USA)) ja silikoonide ja l\u00e4ike v\u00f5imendita k\u00e4sipesu\u0161ampooniga (teine \u200b\u200bfaas (SP) v\u00f5i happe\u0161ampoon (AD)) . 2. Lahjendage kompositsioon veega vahekorras 1:10. 3. Auto kere kuivamist ootamata pihustage \u00fchele kereelemendile Hydro Coati (HC), lisaks hajutage mikrofiibri r\u00e4tiku v\u00f5i \u0161vammiga. 4. Loputage k\u00f5rgsurveveega. M\u00e4rkus: P\u00e4rast Hydro Coati (HC) pealekandmist peab auto kere olema mikrofiibriga\u00a0 t\u00e4ielikult kuivatatud. Hydro Coat tuleb lahjendada destilleeritud veega.<\/p>\n<p>Koostis:<\/p>\n<p>\u226530% orgaanilisi lahusteid; \u22655%, kuid \u02c215%: puhastatud vesi, r\u00e4niorgaaniline pol\u00fcmeer, fluori sisaldav pol\u00fcmeer, mitteioonne pindaktiivne aine; &lt;5%: aromaatsete ja alifaatsete s\u00fcsivesinike segu.<\/p>\n","protected":false},"excerpt":{"rendered":"<p>Kvarts kate HC &#171;Hydro Coat&#187; 250 ml Tugeva h\u00fcdrofoobse toime ja l\u00e4ikega kvarts kate kontsentraat Hydro Coat (HC) loob sekunditega mikrokihi, pakkudes mustust ja vett h\u00fclgavat efekti. Uuenduslik aine, mis on loodud autopesukompleksi k\u00f5igi professionaalsete kaitsekatete v\u00e4ltimiseks. Sobib j\u00e4rgmistele pindadele: auto kere, v\u00e4lisplastik, klaas, rehvid ja veljed. Toode on vastupidav leelistele ja teistele agressiivsetele teekemikaalidele. [&hellip;]<\/p>\n","protected":false},"featured_media":2497,"template":"","meta":[],"product_brand":[],"product_cat":[208,191,185,193],"product_tag":[],"class_list":{"0":"post-2583","1":"product","2":"type-product","3":"status-publish","4":"has-post-thumbnail","6":"product_cat-hudrofoobne-efekt","7":"product_cat-klaas","8":"product_cat-rattad","9":"product_cat-valisilme","11":"first","12":"instock","13":"taxable","14":"shipping-taxable","15":"purchasable","16":"product-type-simple"},"jetpack_sharing_enabled":true,"_links":{"self":[{"href":"https:\/\/detailclub.ee\/ru\/wp-json\/wp\/v2\/product\/2583","targetHints":{"allow":["GET"]}}],"collection":[{"href":"https:\/\/detailclub.ee\/ru\/wp-json\/wp\/v2\/product"}],"about":[{"href":"https:\/\/detailclub.ee\/ru\/wp-json\/wp\/v2\/types\/product"}],"wp:featuredmedia":[{"embeddable":true,"href":"https:\/\/detailclub.ee\/ru\/wp-json\/wp\/v2\/media\/2497"}],"wp:attachment":[{"href":"https:\/\/detailclub.ee\/ru\/wp-json\/wp\/v2\/media?parent=2583"}],"wp:term":[{"taxonomy":"product_brand","embeddable":true,"href":"https:\/\/detailclub.ee\/ru\/wp-json\/wp\/v2\/product_brand?post=2583"},{"taxonomy":"product_cat","embeddable":true,"href":"https:\/\/detailclub.ee\/ru\/wp-json\/wp\/v2\/product_cat?post=2583"},{"taxonomy":"product_tag","embeddable":true,"href":"https:\/\/detailclub.ee\/ru\/wp-json\/wp\/v2\/product_tag?post=2583"}],"curies":[{"name":"wp","href":"https:\/\/api.w.org\/{rel}","templated":true}]}}